{"id":45,"date":"2020-10-26T09:28:34","date_gmt":"2020-10-26T16:28:34","guid":{"rendered":"https:\/\/dev.webdesignagents.com\/box\/?page_id=45"},"modified":"2025-06-06T16:24:00","modified_gmt":"2025-06-06T23:24:00","slug":"get-started","status":"publish","type":"page","link":"https:\/\/outoftheboxmd.com\/es\/get-started\/","title":{"rendered":"Get Started"},"content":{"rendered":"<div data-elementor-type=\"wp-page\" data-elementor-id=\"45\" class=\"elementor elementor-45\" data-elementor-post-type=\"page\">\n\t\t\t\t\t\t<section class=\"elementor-section elementor-top-section elementor-element elementor-element-5013c80 elementor-section-boxed elementor-section-height-default elementor-section-height-default\" data-id=\"5013c80\" data-element_type=\"section\" data-settings=\"{&quot;background_background&quot;:&quot;classic&quot;}\">\n\t\t\t\t\t\t\t<div class=\"elementor-background-overlay\"><\/div>\n\t\t\t\t\t\t\t<div class=\"elementor-container elementor-column-gap-default\">\n\t\t\t\t\t<div class=\"elementor-column elementor-col-100 elementor-top-column elementor-element elementor-element-2be1e87\" data-id=\"2be1e87\" data-element_type=\"column\">\n\t\t\t<div class=\"elementor-widget-wrap elementor-element-populated\">\n\t\t\t\t\t\t<div class=\"elementor-element elementor-element-4202f07 elementor-widget elementor-widget-spacer\" data-id=\"4202f07\" data-element_type=\"widget\" data-widget_type=\"spacer.default\">\n\t\t\t\t<div class=\"elementor-widget-container\">\n\t\t\t\t\t\t\t<div class=\"elementor-spacer\">\n\t\t\t<div class=\"elementor-spacer-inner\"><\/div>\n\t\t<\/div>\n\t\t\t\t\t\t<\/div>\n\t\t\t\t<\/div>\n\t\t\t\t<div class=\"elementor-element elementor-element-6d062fb elementor-widget elementor-widget-spacer\" data-id=\"6d062fb\" data-element_type=\"widget\" data-widget_type=\"spacer.default\">\n\t\t\t\t<div class=\"elementor-widget-container\">\n\t\t\t\t\t\t\t<div class=\"elementor-spacer\">\n\t\t\t<div class=\"elementor-spacer-inner\"><\/div>\n\t\t<\/div>\n\t\t\t\t\t\t<\/div>\n\t\t\t\t<\/div>\n\t\t\t\t\t<\/div>\n\t\t<\/div>\n\t\t\t\t\t<\/div>\n\t\t<\/section>\n\t\t\t\t<section class=\"elementor-section elementor-top-section elementor-element elementor-element-806a703 elementor-section-boxed elementor-section-height-default elementor-section-height-default\" data-id=\"806a703\" data-element_type=\"section\">\n\t\t\t\t\t\t<div class=\"elementor-container elementor-column-gap-default\">\n\t\t\t\t\t<div class=\"elementor-column elementor-col-100 elementor-top-column elementor-element elementor-element-67560c5\" data-id=\"67560c5\" data-element_type=\"column\">\n\t\t\t<div class=\"elementor-widget-wrap elementor-element-populated\">\n\t\t\t\t\t\t<div class=\"elementor-element elementor-element-ea88868 elementor-widget elementor-widget-spacer\" data-id=\"ea88868\" data-element_type=\"widget\" data-widget_type=\"spacer.default\">\n\t\t\t\t<div class=\"elementor-widget-container\">\n\t\t\t\t\t\t\t<div class=\"elementor-spacer\">\n\t\t\t<div class=\"elementor-spacer-inner\"><\/div>\n\t\t<\/div>\n\t\t\t\t\t\t<\/div>\n\t\t\t\t<\/div>\n\t\t\t\t<div class=\"elementor-element elementor-element-b90fd5a elementor-widget elementor-widget-heading\" data-id=\"b90fd5a\" data-element_type=\"widget\" data-widget_type=\"heading.default\">\n\t\t\t\t<div class=\"elementor-widget-container\">\n\t\t\t\t\t<h2 class=\"elementor-heading-title elementor-size-default\">\nHagamos <span style=\"color: #009BDB\">Creciendo <\/span>tu negocio<\/h2>\t\t\t\t<\/div>\n\t\t\t\t<\/div>\n\t\t\t\t<div class=\"elementor-element elementor-element-da1452a elementor-widget elementor-widget-spacer\" data-id=\"da1452a\" data-element_type=\"widget\" data-widget_type=\"spacer.default\">\n\t\t\t\t<div class=\"elementor-widget-container\">\n\t\t\t\t\t\t\t<div class=\"elementor-spacer\">\n\t\t\t<div class=\"elementor-spacer-inner\"><\/div>\n\t\t<\/div>\n\t\t\t\t\t\t<\/div>\n\t\t\t\t<\/div>\n\t\t\t\t<div class=\"elementor-element elementor-element-61d0b69 elementor-widget elementor-widget-text-editor\" data-id=\"61d0b69\" data-element_type=\"widget\" data-widget_type=\"text-editor.default\">\n\t\t\t\t<div class=\"elementor-widget-container\">\n\t\t\t\t\t\t\t\t\t<p>Ingrese su informaci\u00f3n a continuaci\u00f3n para programar una cotizaci\u00f3n gratuita con Out of the Box!!<\/p>\t\t\t\t\t\t\t\t<\/div>\n\t\t\t\t<\/div>\n\t\t\t\t<div class=\"elementor-element elementor-element-0c1f450 elementor-widget elementor-widget-spacer\" data-id=\"0c1f450\" data-element_type=\"widget\" data-widget_type=\"spacer.default\">\n\t\t\t\t<div class=\"elementor-widget-container\">\n\t\t\t\t\t\t\t<div class=\"elementor-spacer\">\n\t\t\t<div class=\"elementor-spacer-inner\"><\/div>\n\t\t<\/div>\n\t\t\t\t\t\t<\/div>\n\t\t\t\t<\/div>\n\t\t\t\t\t<\/div>\n\t\t<\/div>\n\t\t\t\t\t<\/div>\n\t\t<\/section>\n\t\t\t\t<\/div>","protected":false},"excerpt":{"rendered":"<p>Let&#8217;s Grow your Business Enter your information below to schedule a free quotation with Out of the Box!!<\/p>","protected":false},"author":3,"featured_media":248,"parent":0,"menu_order":0,"comment_status":"closed","ping_status":"closed","template":"elementor_header_footer","meta":{"inline_featured_image":false,"site-sidebar-layout":"no-sidebar","site-content-layout":"page-builder","ast-site-content-layout":"full-width-container","site-content-style":"unboxed","site-sidebar-style":"unboxed","ast-global-header-display":"","ast-banner-title-visibility":"","ast-main-header-display":"","ast-hfb-above-header-display":"","ast-hfb-below-header-display":"","ast-hfb-mobile-header-display":"","site-post-title":"","ast-breadcrumbs-content":"","ast-featured-img":"","footer-sml-layout":"","theme-transparent-header-meta":"default","adv-header-id-meta":"","stick-header-meta":"default","header-above-stick-meta":"","header-main-stick-meta":"","header-below-stick-meta":"","astra-migrate-meta-layouts":"set","ast-page-background-enabled":"default","ast-page-background-meta":{"desktop":{"background-color":"","background-image":"","background-repeat":"repeat","background-position":"center center","background-size":"auto","background-attachment":"scroll","background-type":"","background-media":"","overlay-type":"","overlay-color":"","overlay-opacity":"","overlay-gradient":""},"tablet":{"background-color":"","background-image":"","background-repeat":"repeat","background-position":"center center","background-size":"auto","background-attachment":"scroll","background-type":"","background-media":"","overlay-type":"","overlay-color":"","overlay-opacity":"","overlay-gradient":""},"mobile":{"background-color":"","background-image":"","background-repeat":"repeat","background-position":"center center","background-size":"auto","background-attachment":"scroll","background-type":"","background-media":"","overlay-type":"","overlay-color":"","overlay-opacity":"","overlay-gradient":""}},"ast-content-background-meta":{"desktop":{"background-color":"var(--ast-global-color-5)","background-image":"","background-repeat":"repeat","background-position":"center center","background-size":"auto","background-attachment":"scroll","background-type":"","background-media":"","overlay-type":"","overlay-color":"","overlay-opacity":"","overlay-gradient":""},"tablet":{"background-color":"var(--ast-global-color-5)","background-image":"","background-repeat":"repeat","background-position":"center center","background-size":"auto","background-attachment":"scroll","background-type":"","background-media":"","overlay-type":"","overlay-color":"","overlay-opacity":"","overlay-gradient":""},"mobile":{"background-color":"var(--ast-global-color-5)","background-image":"","background-repeat":"repeat","background-position":"center center","background-size":"auto","background-attachment":"scroll","background-type":"","background-media":"","overlay-type":"","overlay-color":"","overlay-opacity":"","overlay-gradient":""}},"footnotes":""},"class_list":["post-45","page","type-page","status-publish","has-post-thumbnail"],"yoast_head":"<!-- This site is optimized with the Yoast SEO Premium plugin v23.6 (Yoast SEO v27.2) - https:\/\/yoast.com\/product\/yoast-seo-premium-wordpress\/ -->\n<title>Digital Marketing to Grow Your Business<\/title>\n<meta name=\"description\" content=\"Get started with tailored digital marketing\u2014social media, SEO &amp; Google Ads\u2014to attract more customers and grow your business today.\" \/>\n<meta name=\"robots\" content=\"index, follow, max-snippet:-1, max-image-preview:large, max-video-preview:-1\" \/>\n<link rel=\"canonical\" href=\"https:\/\/outoftheboxmd.com\/es\/get-started\/\" \/>\n<meta property=\"og:locale\" content=\"es_MX\" \/>\n<meta property=\"og:type\" content=\"article\" \/>\n<meta property=\"og:title\" content=\"Grow Your Business with Digital Marketing \u2013 Get Started\" \/>\n<meta property=\"og:description\" content=\"Custom SEO, Google Ads and social media strategies that drive real growth. Contact Out of the Box MD today!\" \/>\n<meta property=\"og:url\" content=\"https:\/\/outoftheboxmd.com\/es\/get-started\/\" \/>\n<meta property=\"og:site_name\" content=\"Out of the Box Marketing Digital\" \/>\n<meta property=\"article:publisher\" content=\"https:\/\/www.facebook.com\/outoftheboxmd\" \/>\n<meta property=\"article:modified_time\" content=\"2025-06-06T23:24:00+00:00\" \/>\n<meta property=\"og:image\" content=\"https:\/\/outoftheboxmd.com\/wp-content\/uploads\/2020\/10\/design-team-planning-for-a-new-project-pssmv4y.webp\" \/>\n\t<meta property=\"og:image:width\" content=\"1080\" \/>\n\t<meta property=\"og:image:height\" content=\"359\" \/>\n\t<meta property=\"og:image:type\" content=\"image\/webp\" \/>\n<meta name=\"twitter:card\" content=\"summary_large_image\" \/>\n<meta name=\"twitter:title\" content=\"Grow Your Business with Digital Marketing \u2013 Get Started\" \/>\n<meta name=\"twitter:description\" content=\"Custom SEO, Google Ads and social media strategies that drive real growth. Contact Out of the Box MD today!\" \/>\n<meta name=\"twitter:label1\" content=\"Tiempo de lectura\" \/>\n\t<meta name=\"twitter:data1\" content=\"1 minuto\" \/>\n<script type=\"application\/ld+json\" class=\"yoast-schema-graph\">{\"@context\":\"https:\/\/schema.org\",\"@graph\":[{\"@type\":\"WebPage\",\"@id\":\"https:\/\/outoftheboxmd.com\/get-started\/\",\"url\":\"https:\/\/outoftheboxmd.com\/get-started\/\",\"name\":\"Digital Marketing to Grow Your Business\",\"isPartOf\":{\"@id\":\"https:\/\/outoftheboxmd.com\/#website\"},\"primaryImageOfPage\":{\"@id\":\"https:\/\/outoftheboxmd.com\/get-started\/#primaryimage\"},\"image\":{\"@id\":\"https:\/\/outoftheboxmd.com\/get-started\/#primaryimage\"},\"thumbnailUrl\":\"https:\/\/outoftheboxmd.com\/wp-content\/uploads\/2020\/10\/design-team-planning-for-a-new-project-pssmv4y.webp\",\"datePublished\":\"2020-10-26T16:28:34+00:00\",\"dateModified\":\"2025-06-06T23:24:00+00:00\",\"description\":\"Get started with tailored digital marketing\u2014social media, SEO & Google Ads\u2014to attract more customers and grow your business today.\",\"breadcrumb\":{\"@id\":\"https:\/\/outoftheboxmd.com\/get-started\/#breadcrumb\"},\"inLanguage\":\"es\",\"potentialAction\":[{\"@type\":\"ReadAction\",\"target\":[\"https:\/\/outoftheboxmd.com\/get-started\/\"]}]},{\"@type\":\"ImageObject\",\"inLanguage\":\"es\",\"@id\":\"https:\/\/outoftheboxmd.com\/get-started\/#primaryimage\",\"url\":\"https:\/\/outoftheboxmd.com\/wp-content\/uploads\/2020\/10\/design-team-planning-for-a-new-project-pssmv4y.webp\",\"contentUrl\":\"https:\/\/outoftheboxmd.com\/wp-content\/uploads\/2020\/10\/design-team-planning-for-a-new-project-pssmv4y.webp\",\"width\":1080,\"height\":359,\"caption\":\"Social Media Team\"},{\"@type\":\"BreadcrumbList\",\"@id\":\"https:\/\/outoftheboxmd.com\/get-started\/#breadcrumb\",\"itemListElement\":[{\"@type\":\"ListItem\",\"position\":1,\"name\":\"Home\",\"item\":\"https:\/\/outoftheboxmd.com\/\"},{\"@type\":\"ListItem\",\"position\":2,\"name\":\"Get Started\"}]},{\"@type\":\"WebSite\",\"@id\":\"https:\/\/outoftheboxmd.com\/#website\",\"url\":\"https:\/\/outoftheboxmd.com\/\",\"name\":\"Out of the Box Marketing Digital\",\"description\":\"Digital Marketing for Business\",\"publisher\":{\"@id\":\"https:\/\/outoftheboxmd.com\/#organization\"},\"potentialAction\":[{\"@type\":\"SearchAction\",\"target\":{\"@type\":\"EntryPoint\",\"urlTemplate\":\"https:\/\/outoftheboxmd.com\/?s={search_term_string}\"},\"query-input\":{\"@type\":\"PropertyValueSpecification\",\"valueRequired\":true,\"valueName\":\"search_term_string\"}}],\"inLanguage\":\"es\"},{\"@type\":\"Organization\",\"@id\":\"https:\/\/outoftheboxmd.com\/#organization\",\"name\":\"Out of the Box Marketing Digital\",\"alternateName\":\"Out of the Box Marketing Digital\",\"url\":\"https:\/\/outoftheboxmd.com\/\",\"logo\":{\"@type\":\"ImageObject\",\"inLanguage\":\"es\",\"@id\":\"https:\/\/outoftheboxmd.com\/#\/schema\/logo\/image\/\",\"url\":\"https:\/\/outoftheboxmd.com\/wp-content\/uploads\/2024\/06\/cropped-logo.webp\",\"contentUrl\":\"https:\/\/outoftheboxmd.com\/wp-content\/uploads\/2024\/06\/cropped-logo.webp\",\"width\":512,\"height\":512,\"caption\":\"Out of the Box Marketing Digital\"},\"image\":{\"@id\":\"https:\/\/outoftheboxmd.com\/#\/schema\/logo\/image\/\"},\"sameAs\":[\"https:\/\/www.facebook.com\/outoftheboxmd\",\"https:\/\/www.tiktok.com\/@outoftheboxmd\",\"https:\/\/www.instagram.com\/outoftheboxdm\",\"https:\/\/www.youtube.com\/@outofthebox2065\",\"https:\/\/www.linkedin.com\/company\/out-of-the-box-md\/\"],\"description\":\"Out of the Box Marketing Digital is a results-driven digital marketing agency dedicated to helping businesses establish and grow their online presence. We specialize in social media marketing, content creation (logos, posts, videos), custom website development, SEO optimization, and Google Ads management. Our tailored strategies ensure businesses stand out in a competitive digital landscape, attract more customers, and increase their revenue. We provide personalized solutions that include social media profile optimization, paid advertising campaigns, strategic content creation, and search engine optimization to improve visibility and engagement. Whether you're a small business looking to expand or an established brand aiming to enhance digital performance, we create customized marketing plans to meet your needs. \ud83d\udce2 Our Services: \u2714 Social Media Marketing & Paid Ads \u2714 Logo & Branding Design \u2714 Website Creation & SEO Optimization \u2714 Google Ads & Digital Advertising \u2714 Content Marketing & Strategy \u2714 Social Media Monetization We pride ourselves on data-driven strategies, creative innovation, and measurable results, helping businesses maximize their marketing investment. Hablamos espa\u00f1ol. Let\u2019s take your business to the next level!\",\"email\":\"edrojo@outoftheboxmd.com\",\"telephone\":\"6262447009\",\"legalName\":\"Out of the Box Marketing Digital\"}]}<\/script>\n<!-- \/ Yoast SEO Premium plugin. -->","yoast_head_json":{"title":"Digital Marketing to Grow Your Business","description":"Get started with tailored digital marketing\u2014social media, SEO & Google Ads\u2014to attract more customers and grow your business today.","robots":{"index":"index","follow":"follow","max-snippet":"max-snippet:-1","max-image-preview":"max-image-preview:large","max-video-preview":"max-video-preview:-1"},"canonical":"https:\/\/outoftheboxmd.com\/es\/get-started\/","og_locale":"es_MX","og_type":"article","og_title":"Grow Your Business with Digital Marketing \u2013 Get Started","og_description":"Custom SEO, Google Ads and social media strategies that drive real growth. Contact Out of the Box MD today!","og_url":"https:\/\/outoftheboxmd.com\/es\/get-started\/","og_site_name":"Out of the Box Marketing Digital","article_publisher":"https:\/\/www.facebook.com\/outoftheboxmd","article_modified_time":"2025-06-06T23:24:00+00:00","og_image":[{"width":1080,"height":359,"url":"https:\/\/outoftheboxmd.com\/wp-content\/uploads\/2020\/10\/design-team-planning-for-a-new-project-pssmv4y.webp","type":"image\/webp"}],"twitter_card":"summary_large_image","twitter_title":"Grow Your Business with Digital Marketing \u2013 Get Started","twitter_description":"Custom SEO, Google Ads and social media strategies that drive real growth. Contact Out of the Box MD today!","twitter_misc":{"Tiempo de lectura":"1 minuto"},"schema":{"@context":"https:\/\/schema.org","@graph":[{"@type":"WebPage","@id":"https:\/\/outoftheboxmd.com\/get-started\/","url":"https:\/\/outoftheboxmd.com\/get-started\/","name":"Digital Marketing to Grow Your Business","isPartOf":{"@id":"https:\/\/outoftheboxmd.com\/#website"},"primaryImageOfPage":{"@id":"https:\/\/outoftheboxmd.com\/get-started\/#primaryimage"},"image":{"@id":"https:\/\/outoftheboxmd.com\/get-started\/#primaryimage"},"thumbnailUrl":"https:\/\/outoftheboxmd.com\/wp-content\/uploads\/2020\/10\/design-team-planning-for-a-new-project-pssmv4y.webp","datePublished":"2020-10-26T16:28:34+00:00","dateModified":"2025-06-06T23:24:00+00:00","description":"Get started with tailored digital marketing\u2014social media, SEO & Google Ads\u2014to attract more customers and grow your business today.","breadcrumb":{"@id":"https:\/\/outoftheboxmd.com\/get-started\/#breadcrumb"},"inLanguage":"es","potentialAction":[{"@type":"ReadAction","target":["https:\/\/outoftheboxmd.com\/get-started\/"]}]},{"@type":"ImageObject","inLanguage":"es","@id":"https:\/\/outoftheboxmd.com\/get-started\/#primaryimage","url":"https:\/\/outoftheboxmd.com\/wp-content\/uploads\/2020\/10\/design-team-planning-for-a-new-project-pssmv4y.webp","contentUrl":"https:\/\/outoftheboxmd.com\/wp-content\/uploads\/2020\/10\/design-team-planning-for-a-new-project-pssmv4y.webp","width":1080,"height":359,"caption":"Social Media Team"},{"@type":"BreadcrumbList","@id":"https:\/\/outoftheboxmd.com\/get-started\/#breadcrumb","itemListElement":[{"@type":"ListItem","position":1,"name":"Home","item":"https:\/\/outoftheboxmd.com\/"},{"@type":"ListItem","position":2,"name":"Get Started"}]},{"@type":"WebSite","@id":"https:\/\/outoftheboxmd.com\/#website","url":"https:\/\/outoftheboxmd.com\/","name":"Out of the Box Marketing Digital","description":"Digital Marketing for Business","publisher":{"@id":"https:\/\/outoftheboxmd.com\/#organization"},"potentialAction":[{"@type":"SearchAction","target":{"@type":"EntryPoint","urlTemplate":"https:\/\/outoftheboxmd.com\/?s={search_term_string}"},"query-input":{"@type":"PropertyValueSpecification","valueRequired":true,"valueName":"search_term_string"}}],"inLanguage":"es"},{"@type":"Organization","@id":"https:\/\/outoftheboxmd.com\/#organization","name":"Out of the Box Marketing Digital","alternateName":"Out of the Box Marketing Digital","url":"https:\/\/outoftheboxmd.com\/","logo":{"@type":"ImageObject","inLanguage":"es","@id":"https:\/\/outoftheboxmd.com\/#\/schema\/logo\/image\/","url":"https:\/\/outoftheboxmd.com\/wp-content\/uploads\/2024\/06\/cropped-logo.webp","contentUrl":"https:\/\/outoftheboxmd.com\/wp-content\/uploads\/2024\/06\/cropped-logo.webp","width":512,"height":512,"caption":"Out of the Box Marketing Digital"},"image":{"@id":"https:\/\/outoftheboxmd.com\/#\/schema\/logo\/image\/"},"sameAs":["https:\/\/www.facebook.com\/outoftheboxmd","https:\/\/www.tiktok.com\/@outoftheboxmd","https:\/\/www.instagram.com\/outoftheboxdm","https:\/\/www.youtube.com\/@outofthebox2065","https:\/\/www.linkedin.com\/company\/out-of-the-box-md\/"],"description":"Out of the Box Marketing Digital is a results-driven digital marketing agency dedicated to helping businesses establish and grow their online presence. We specialize in social media marketing, content creation (logos, posts, videos), custom website development, SEO optimization, and Google Ads management. Our tailored strategies ensure businesses stand out in a competitive digital landscape, attract more customers, and increase their revenue. We provide personalized solutions that include social media profile optimization, paid advertising campaigns, strategic content creation, and search engine optimization to improve visibility and engagement. Whether you're a small business looking to expand or an established brand aiming to enhance digital performance, we create customized marketing plans to meet your needs. \ud83d\udce2 Our Services: \u2714 Social Media Marketing & Paid Ads \u2714 Logo & Branding Design \u2714 Website Creation & SEO Optimization \u2714 Google Ads & Digital Advertising \u2714 Content Marketing & Strategy \u2714 Social Media Monetization We pride ourselves on data-driven strategies, creative innovation, and measurable results, helping businesses maximize their marketing investment. Hablamos espa\u00f1ol. Let\u2019s take your business to the next level!","email":"edrojo@outoftheboxmd.com","telephone":"6262447009","legalName":"Out of the Box Marketing Digital"}]}},"_links":{"self":[{"href":"https:\/\/outoftheboxmd.com\/es\/wp-json\/wp\/v2\/pages\/45","targetHints":{"allow":["GET"]}}],"collection":[{"href":"https:\/\/outoftheboxmd.com\/es\/wp-json\/wp\/v2\/pages"}],"about":[{"href":"https:\/\/outoftheboxmd.com\/es\/wp-json\/wp\/v2\/types\/page"}],"author":[{"embeddable":true,"href":"https:\/\/outoftheboxmd.com\/es\/wp-json\/wp\/v2\/users\/3"}],"replies":[{"embeddable":true,"href":"https:\/\/outoftheboxmd.com\/es\/wp-json\/wp\/v2\/comments?post=45"}],"version-history":[{"count":5,"href":"https:\/\/outoftheboxmd.com\/es\/wp-json\/wp\/v2\/pages\/45\/revisions"}],"predecessor-version":[{"id":2133,"href":"https:\/\/outoftheboxmd.com\/es\/wp-json\/wp\/v2\/pages\/45\/revisions\/2133"}],"wp:featuredmedia":[{"embeddable":true,"href":"https:\/\/outoftheboxmd.com\/es\/wp-json\/wp\/v2\/media\/248"}],"wp:attachment":[{"href":"https:\/\/outoftheboxmd.com\/es\/wp-json\/wp\/v2\/media?parent=45"}],"curies":[{"name":"wp","href":"https:\/\/api.w.org\/{rel}","templated":true}]}}